{"id":7407,"date":"2026-03-30T17:44:01","date_gmt":"2026-03-30T14:44:01","guid":{"rendered":"https:\/\/vanacool.ee\/?post_type=product&#038;p=7407"},"modified":"2026-03-30T17:44:02","modified_gmt":"2026-03-30T14:44:02","slug":"laelamp-borens-boras","status":"publish","type":"product","link":"https:\/\/vanacool.ee\/en\/product\/valgustid\/laelambid\/laelamp-borens-boras\/","title":{"rendered":"Ceiling lamp, Bor\u00e9ns, Bor\u00e5s"},"content":{"rendered":"","protected":false},"excerpt":{"rendered":"<p>An elegant Swedish ceiling lamp from the late 1960s, made by Bor\u00e9ns, Bor\u00e5s. The lamp has a brass frame and glass details that create a luxurious atmosphere. The lamp has four E27 sockets. The lamp is in good condition, but the brass parts show natural wear consistent with age.<\/p>\n<p>&nbsp;<\/p>\n<p>Diameter: 38 cm<br \/>\nHeight: 33 cm<br \/>\nChain length: 20 cm<\/p>","protected":false},"featured_media":7414,"template":"","meta":[],"product_brand":[],"product_cat":[33,34,48],"product_tag":[],"class_list":{"0":"post-7407","1":"product","2":"type-product","3":"status-publish","4":"has-post-thumbnail","6":"product_cat-koik-tooted","7":"product_cat-valgustid","8":"product_cat-laelambid","10":"first","11":"instock","12":"shipping-taxable","13":"purchasable","14":"product-type-simple"},"yoast_head":"<!-- This site is optimized with the Yoast SEO plugin v27.3 - https:\/\/yoast.com\/product\/yoast-seo-wordpress\/ -->\n<title>Laelamp, Bor\u00e9ns, Bor\u00e5s - Vanacool<\/title>\n<meta name=\"robots\" content=\"index, follow, max-snippet:-1, max-image-preview:large, max-video-preview:-1\" \/>\n<link rel=\"canonical\" href=\"https:\/\/vanacool.ee\/en\/product\/valgustid\/laelambid\/laelamp-borens-boras\/\" \/>\n<meta property=\"og:locale\" content=\"en_GB\" \/>\n<meta property=\"og:type\" content=\"article\" \/>\n<meta property=\"og:title\" content=\"Laelamp, Bor\u00e9ns, Bor\u00e5s - Vanacool\" \/>\n<meta property=\"og:description\" content=\"1960ndate l\u00f5pust p\u00e4rinev elegantne Rootsi laelamp, mille on valmistanud Bor\u00e9ns, Bor\u00e5s. Valgustil on messingist raam ja klaasist detailid, mis loovad luksusliku atmosf\u00e4\u00e4ri. Lamp on nelja E27 sokliga. Lamp on heas korras, kuid messingist osadel esineb vanusele vastavat loomulikku kulumist.  &nbsp;  Diameeter: 38 cm K\u00f5rgus: 33 cm Keti pikkus: 20 cm\" \/>\n<meta property=\"og:url\" content=\"https:\/\/vanacool.ee\/en\/product\/valgustid\/laelambid\/laelamp-borens-boras\/\" \/>\n<meta property=\"og:site_name\" content=\"Vanacool\" \/>\n<meta property=\"article:publisher\" content=\"https:\/\/www.facebook.com\/vanacoolsisustus\/\" \/>\n<meta property=\"article:modified_time\" content=\"2026-03-30T14:44:02+00:00\" \/>\n<meta property=\"og:image\" content=\"http:\/\/vanacool.ee\/wp-content\/uploads\/2026\/03\/vanacool-786-3.jpg\" \/>\n\t<meta property=\"og:image:width\" content=\"1200\" \/>\n\t<meta property=\"og:image:height\" content=\"1500\" \/>\n\t<meta property=\"og:image:type\" content=\"image\/jpeg\" \/>\n<meta name=\"twitter:card\" content=\"summary_large_image\" \/>\n<meta name=\"twitter:label1\" content=\"Estimated reading time\" \/>\n\t<meta name=\"twitter:data1\" content=\"1 minute\" \/>\n<script type=\"application\/ld+json\" class=\"yoast-schema-graph\">{\"@context\":\"https:\\\/\\\/schema.org\",\"@graph\":[{\"@type\":\"WebPage\",\"@id\":\"https:\\\/\\\/vanacool.ee\\\/product\\\/valgustid\\\/laelambid\\\/laelamp-borens-boras\\\/\",\"url\":\"https:\\\/\\\/vanacool.ee\\\/product\\\/valgustid\\\/laelambid\\\/laelamp-borens-boras\\\/\",\"name\":\"Laelamp, Bor\u00e9ns, Bor\u00e5s - Vanacool\",\"isPartOf\":{\"@id\":\"https:\\\/\\\/vanacool.ee\\\/#website\"},\"primaryImageOfPage\":{\"@id\":\"https:\\\/\\\/vanacool.ee\\\/product\\\/valgustid\\\/laelambid\\\/laelamp-borens-boras\\\/#primaryimage\"},\"image\":{\"@id\":\"https:\\\/\\\/vanacool.ee\\\/product\\\/valgustid\\\/laelambid\\\/laelamp-borens-boras\\\/#primaryimage\"},\"thumbnailUrl\":\"https:\\\/\\\/vanacool.ee\\\/wp-content\\\/uploads\\\/2026\\\/03\\\/vanacool-786-3.jpg\",\"datePublished\":\"2026-03-30T14:44:01+00:00\",\"dateModified\":\"2026-03-30T14:44:02+00:00\",\"breadcrumb\":{\"@id\":\"https:\\\/\\\/vanacool.ee\\\/product\\\/valgustid\\\/laelambid\\\/laelamp-borens-boras\\\/#breadcrumb\"},\"inLanguage\":\"en-GB\",\"potentialAction\":[{\"@type\":\"ReadAction\",\"target\":[\"https:\\\/\\\/vanacool.ee\\\/product\\\/valgustid\\\/laelambid\\\/laelamp-borens-boras\\\/\"]}]},{\"@type\":\"ImageObject\",\"inLanguage\":\"en-GB\",\"@id\":\"https:\\\/\\\/vanacool.ee\\\/product\\\/valgustid\\\/laelambid\\\/laelamp-borens-boras\\\/#primaryimage\",\"url\":\"https:\\\/\\\/vanacool.ee\\\/wp-content\\\/uploads\\\/2026\\\/03\\\/vanacool-786-3.jpg\",\"contentUrl\":\"https:\\\/\\\/vanacool.ee\\\/wp-content\\\/uploads\\\/2026\\\/03\\\/vanacool-786-3.jpg\",\"width\":1200,\"height\":1500},{\"@type\":\"BreadcrumbList\",\"@id\":\"https:\\\/\\\/vanacool.ee\\\/product\\\/valgustid\\\/laelambid\\\/laelamp-borens-boras\\\/#breadcrumb\",\"itemListElement\":[{\"@type\":\"ListItem\",\"position\":1,\"name\":\"Home\",\"item\":\"https:\\\/\\\/vanacool.ee\\\/\"},{\"@type\":\"ListItem\",\"position\":2,\"name\":\"Pood\",\"item\":\"https:\\\/\\\/vanacool.ee\\\/pood\\\/\"},{\"@type\":\"ListItem\",\"position\":3,\"name\":\"Laelamp, Bor\u00e9ns, Bor\u00e5s\"}]},{\"@type\":\"WebSite\",\"@id\":\"https:\\\/\\\/vanacool.ee\\\/#website\",\"url\":\"https:\\\/\\\/vanacool.ee\\\/\",\"name\":\"Vanacool\",\"description\":\"Vintage m\u00f6\u00f6bel ja sisustuspood\",\"publisher\":{\"@id\":\"https:\\\/\\\/vanacool.ee\\\/#organization\"},\"potentialAction\":[{\"@type\":\"SearchAction\",\"target\":{\"@type\":\"EntryPoint\",\"urlTemplate\":\"https:\\\/\\\/vanacool.ee\\\/?s={search_term_string}\"},\"query-input\":{\"@type\":\"PropertyValueSpecification\",\"valueRequired\":true,\"valueName\":\"search_term_string\"}}],\"inLanguage\":\"en-GB\"},{\"@type\":\"Organization\",\"@id\":\"https:\\\/\\\/vanacool.ee\\\/#organization\",\"name\":\"Vanacool\",\"url\":\"https:\\\/\\\/vanacool.ee\\\/\",\"logo\":{\"@type\":\"ImageObject\",\"inLanguage\":\"en-GB\",\"@id\":\"https:\\\/\\\/vanacool.ee\\\/#\\\/schema\\\/logo\\\/image\\\/\",\"url\":\"https:\\\/\\\/vanacool.ee\\\/wp-content\\\/uploads\\\/2024\\\/07\\\/Vanacool-koduleht-footer-logo.png\",\"contentUrl\":\"https:\\\/\\\/vanacool.ee\\\/wp-content\\\/uploads\\\/2024\\\/07\\\/Vanacool-koduleht-footer-logo.png\",\"width\":512,\"height\":512,\"caption\":\"Vanacool\"},\"image\":{\"@id\":\"https:\\\/\\\/vanacool.ee\\\/#\\\/schema\\\/logo\\\/image\\\/\"},\"sameAs\":[\"https:\\\/\\\/www.facebook.com\\\/vanacoolsisustus\\\/\",\"https:\\\/\\\/www.instagram.com\\\/vanacool_sisustus\\\/\"]}]}<\/script>\n<!-- \/ Yoast SEO plugin. -->","yoast_head_json":{"title":"Laelamp, Bor\u00e9ns, Bor\u00e5s - Vanacool","robots":{"index":"index","follow":"follow","max-snippet":"max-snippet:-1","max-image-preview":"max-image-preview:large","max-video-preview":"max-video-preview:-1"},"canonical":"https:\/\/vanacool.ee\/en\/product\/valgustid\/laelambid\/laelamp-borens-boras\/","og_locale":"en_GB","og_type":"article","og_title":"Laelamp, Bor\u00e9ns, Bor\u00e5s - Vanacool","og_description":"1960ndate l\u00f5pust p\u00e4rinev elegantne Rootsi laelamp, mille on valmistanud Bor\u00e9ns, Bor\u00e5s. Valgustil on messingist raam ja klaasist detailid, mis loovad luksusliku atmosf\u00e4\u00e4ri. Lamp on nelja E27 sokliga. Lamp on heas korras, kuid messingist osadel esineb vanusele vastavat loomulikku kulumist.  &nbsp;  Diameeter: 38 cm K\u00f5rgus: 33 cm Keti pikkus: 20 cm","og_url":"https:\/\/vanacool.ee\/en\/product\/valgustid\/laelambid\/laelamp-borens-boras\/","og_site_name":"Vanacool","article_publisher":"https:\/\/www.facebook.com\/vanacoolsisustus\/","article_modified_time":"2026-03-30T14:44:02+00:00","og_image":[{"width":1200,"height":1500,"url":"http:\/\/vanacool.ee\/wp-content\/uploads\/2026\/03\/vanacool-786-3.jpg","type":"image\/jpeg"}],"twitter_card":"summary_large_image","twitter_misc":{"Estimated reading time":"1 minute"},"schema":{"@context":"https:\/\/schema.org","@graph":[{"@type":"WebPage","@id":"https:\/\/vanacool.ee\/product\/valgustid\/laelambid\/laelamp-borens-boras\/","url":"https:\/\/vanacool.ee\/product\/valgustid\/laelambid\/laelamp-borens-boras\/","name":"Laelamp, Bor\u00e9ns, Bor\u00e5s - Vanacool","isPartOf":{"@id":"https:\/\/vanacool.ee\/#website"},"primaryImageOfPage":{"@id":"https:\/\/vanacool.ee\/product\/valgustid\/laelambid\/laelamp-borens-boras\/#primaryimage"},"image":{"@id":"https:\/\/vanacool.ee\/product\/valgustid\/laelambid\/laelamp-borens-boras\/#primaryimage"},"thumbnailUrl":"https:\/\/vanacool.ee\/wp-content\/uploads\/2026\/03\/vanacool-786-3.jpg","datePublished":"2026-03-30T14:44:01+00:00","dateModified":"2026-03-30T14:44:02+00:00","breadcrumb":{"@id":"https:\/\/vanacool.ee\/product\/valgustid\/laelambid\/laelamp-borens-boras\/#breadcrumb"},"inLanguage":"en-GB","potentialAction":[{"@type":"ReadAction","target":["https:\/\/vanacool.ee\/product\/valgustid\/laelambid\/laelamp-borens-boras\/"]}]},{"@type":"ImageObject","inLanguage":"en-GB","@id":"https:\/\/vanacool.ee\/product\/valgustid\/laelambid\/laelamp-borens-boras\/#primaryimage","url":"https:\/\/vanacool.ee\/wp-content\/uploads\/2026\/03\/vanacool-786-3.jpg","contentUrl":"https:\/\/vanacool.ee\/wp-content\/uploads\/2026\/03\/vanacool-786-3.jpg","width":1200,"height":1500},{"@type":"BreadcrumbList","@id":"https:\/\/vanacool.ee\/product\/valgustid\/laelambid\/laelamp-borens-boras\/#breadcrumb","itemListElement":[{"@type":"ListItem","position":1,"name":"Home","item":"https:\/\/vanacool.ee\/"},{"@type":"ListItem","position":2,"name":"Pood","item":"https:\/\/vanacool.ee\/pood\/"},{"@type":"ListItem","position":3,"name":"Laelamp, Bor\u00e9ns, Bor\u00e5s"}]},{"@type":"WebSite","@id":"https:\/\/vanacool.ee\/#website","url":"https:\/\/vanacool.ee\/","name":"Old cool","description":"Vintage furniture and interior design store","publisher":{"@id":"https:\/\/vanacool.ee\/#organization"},"potentialAction":[{"@type":"SearchAction","target":{"@type":"EntryPoint","urlTemplate":"https:\/\/vanacool.ee\/?s={search_term_string}"},"query-input":{"@type":"PropertyValueSpecification","valueRequired":true,"valueName":"search_term_string"}}],"inLanguage":"en-GB"},{"@type":"Organization","@id":"https:\/\/vanacool.ee\/#organization","name":"Old cool","url":"https:\/\/vanacool.ee\/","logo":{"@type":"ImageObject","inLanguage":"en-GB","@id":"https:\/\/vanacool.ee\/#\/schema\/logo\/image\/","url":"https:\/\/vanacool.ee\/wp-content\/uploads\/2024\/07\/Vanacool-koduleht-footer-logo.png","contentUrl":"https:\/\/vanacool.ee\/wp-content\/uploads\/2024\/07\/Vanacool-koduleht-footer-logo.png","width":512,"height":512,"caption":"Vanacool"},"image":{"@id":"https:\/\/vanacool.ee\/#\/schema\/logo\/image\/"},"sameAs":["https:\/\/www.facebook.com\/vanacoolsisustus\/","https:\/\/www.instagram.com\/vanacool_sisustus\/"]}]}},"_links":{"self":[{"href":"https:\/\/vanacool.ee\/en\/wp-json\/wp\/v2\/product\/7407","targetHints":{"allow":["GET"]}}],"collection":[{"href":"https:\/\/vanacool.ee\/en\/wp-json\/wp\/v2\/product"}],"about":[{"href":"https:\/\/vanacool.ee\/en\/wp-json\/wp\/v2\/types\/product"}],"version-history":[{"count":1,"href":"https:\/\/vanacool.ee\/en\/wp-json\/wp\/v2\/product\/7407\/revisions"}],"predecessor-version":[{"id":7416,"href":"https:\/\/vanacool.ee\/en\/wp-json\/wp\/v2\/product\/7407\/revisions\/7416"}],"wp:featuredmedia":[{"embeddable":true,"href":"https:\/\/vanacool.ee\/en\/wp-json\/wp\/v2\/media\/7414"}],"wp:attachment":[{"href":"https:\/\/vanacool.ee\/en\/wp-json\/wp\/v2\/media?parent=7407"}],"wp:term":[{"taxonomy":"product_brand","embeddable":true,"href":"https:\/\/vanacool.ee\/en\/wp-json\/wp\/v2\/product_brand?post=7407"},{"taxonomy":"product_cat","embeddable":true,"href":"https:\/\/vanacool.ee\/en\/wp-json\/wp\/v2\/product_cat?post=7407"},{"taxonomy":"product_tag","embeddable":true,"href":"https:\/\/vanacool.ee\/en\/wp-json\/wp\/v2\/product_tag?post=7407"}],"curies":[{"name":"wp","href":"https:\/\/api.w.org\/{rel}","templated":true}]}}